{"id":1359,"date":"2023-01-30T09:14:29","date_gmt":"2023-01-30T09:14:29","guid":{"rendered":"http:\/\/energi-ca.it\/?page_id=1359"},"modified":"2023-01-30T09:39:59","modified_gmt":"2023-01-30T09:39:59","slug":"privacy","status":"publish","type":"page","link":"https:\/\/energi-ca.it\/?page_id=1359","title":{"rendered":"Privacy"},"content":{"rendered":"\t\t<div data-elementor-type=\"wp-page\" data-elementor-id=\"1359\" class=\"elementor elementor-1359\">\n\t\t\t\t\t\t<section class=\"elementor-section elementor-top-section elementor-element elementor-element-8687c5d elementor-section-boxed elementor-section-height-default elementor-section-height-default\" data-id=\"8687c5d\" data-element_type=\"section\">\n\t\t\t\t\t\t<div class=\"elementor-container elementor-column-gap-default\">\n\t\t\t\t\t<div class=\"elementor-column elementor-col-100 elementor-top-column elementor-element elementor-element-2df5da1\" data-id=\"2df5da1\" data-element_type=\"column\">\n\t\t\t<div class=\"elementor-widget-wrap elementor-element-populated\">\n\t\t\t\t\t\t<div class=\"elementor-element elementor-element-977f890 elementor-widget elementor-widget-text-editor\" data-id=\"977f890\" data-element_type=\"widget\" data-widget_type=\"text-editor.default\">\n\t\t\t\t<div class=\"elementor-widget-container\">\n\t\t\t<style>\/*! elementor - v3.19.0 - 26-02-2024 *\/\n.elementor-widget-text-editor.elementor-drop-cap-view-stacked .elementor-drop-cap{background-color:#69727d;color:#fff}.elementor-widget-text-editor.elementor-drop-cap-view-framed .elementor-drop-cap{color:#69727d;border:3px solid;background-color:transparent}.elementor-widget-text-editor:not(.elementor-drop-cap-view-default) .elementor-drop-cap{margin-top:8px}.elementor-widget-text-editor:not(.elementor-drop-cap-view-default) .elementor-drop-cap-letter{width:1em;height:1em}.elementor-widget-text-editor .elementor-drop-cap{float:left;text-align:center;line-height:1;font-size:50px}.elementor-widget-text-editor .elementor-drop-cap-letter{display:inline-block}<\/style>\t\t\t\t<p>INFORMATIVA SUL TRATTAMENTO DEI DATI PERSONALI EX ARTT. 13-14 REG.TO UE 2016\/67 E COOKIE POLICY<\/p><p>\u00a0<\/p><p>Soggetti Interessati: clienti e utenti web.<\/p><p>Energica, nella qualit\u00e0 di Titolare del trattamento dei dati personali dei propri clienti e utenti ai sensi e per gli effetti del Reg.to UE 2016\/679 di seguito \u2018GDPR\u2019, con la presente informa che la citata normativa prevede la tutela degli interessati rispetto al trattamento dei dati personali e che tale trattamento sar\u00e0 improntato ai principi di correttezza, liceit\u00e0, trasparenza e di tutela della riservatezza e dei diritti di ogni interessato. Ogni dato personale verr\u00e0 trattato in accordo alle disposizioni legislative della normativa sopra richiamata e degli obblighi di riservatezza ivi previsti.<\/p><p>\u00a0<\/p><p>Finalit\u00e0 di trattamento: clienti e utenti web. In particolare i dati verranno trattati per le seguenti finalit\u00e0 connesse all\u2019attuazione di adempimenti relativi ad obblighi legislativi o contrattuali, o di esecuzione di eventuali misure precontrattuali adottate su richiesta dell\u2019interessato di cui all\u2019art. 6 lettere b) e c) del Regolamento, e precisamente: \u2013 adempimenti obbligatori per legge in campo fiscale, tributario e contabile (clienti);\u2013 assistenza post-vendita (clienti) \u2013 gestione del contenzioso, per accertare, esercitare o difendere un diritto in sede giudiziaria o ogniqualvolta le autorit\u00e0 giurisdizionali esercitino le loro funzioni (clienti ed utenti web); \u2013 gestione della clientela (clienti); \u2013 gestione della qualit\u00e0 (clienti);\u2013 rilevazione del grado di soddisfazione della clientela (clienti); \u2013 accesso tecnico e Funzionale al Sito nessun dato viene tenuto dopo la chiusura del Browser (utenti web); \u2013 finalit\u00e0 di ricerche\/analisi statistiche su dati aggregati o anonimi, senza possibilit\u00e0 di identificazione dell\u2019utente, volti a misurare il funzionamento del sito, misurare traffico e valutare usabilit\u00e0 e interesse (utente web). Il trattamento dei dati funzionali per l\u2019espletamento di tali obblighi \u00e8 necessario per una corretta gestione del rapporto e il loro conferimento \u00e8 obbligatorio per attuare le finalit\u00e0 sopra indicate. Il Titolare rende noto, inoltre, che l\u2019eventuale non comunicazione, o comunicazione errata, di una delle informazioni obbligatorie per legge, o necessarie ai fini della conclusione del contratto, pu\u00f2 causare l\u2019impossibilit\u00e0 del Titolare di garantire la congruit\u00e0 del trattamento stesso. I dati personali potranno inoltre, previo consenso ai sensi dell\u2019art. 6 lettera a) del Regolamento, essere utilizzati per le seguenti finalit\u00e0: \u2013 eventualmente per soddisfare indagini di mercato, statistiche e per attivit\u00e0 promozionali inerenti anche alla spedizione di materiale pubblicitario e promozionale, con l\u2019uso di mezzi informativi cartacei e\/o informatici (clienti). Il conferimento dei dati \u00e8 facoltativo riguardo alla sopraindicata finalit\u00e0, ed un eventuale rifiuto dell\u2019interessato al trattamento non compromette la prosecuzione del rapporto o la congruit\u00e0 del trattamento stesso.<\/p><p>\u00a0<\/p><p>Modalit\u00e0 del trattamento: I dati personali potranno essere trattati nei seguenti modi: \u2013 a mezzo di calcolatori elettronici anche con utilizzo di sistemi software gestiti o programmati direttamente; \u2013 a mezzo di calcolatori elettronici con utilizzo di sistemi software gestiti da terzi; \u2013 trattamento manuale a mezzo di archivi cartacei. Ogni trattamento avviene nel rispetto delle modalit\u00e0 di cui agli artt. 5, 6 e 32 del GDPR, in particolar modo seguendo i principi di liceit\u00e0, correttezza, trasparenza, adeguatezza, pertinenza, minimizzazione ed esattezza, nonch\u00e9 mediante l\u2019adozione delle adeguate misure di sicurezza previste. Comunicazione: i dati saranno comunicati esclusivamente a soggetti competenti e debitamente nominati per l\u2019espletamento dei servizi necessari ad una corretta gestione del rapporto, con garanzia di tutela dei diritti dell\u2019interessato. I dati saranno trattati unicamente da personale espressamente autorizzato dal Titolare ed, in particolare, dalle seguenti categorie di addetti: \u2013 Ufficio Amministrazione; \u2013 Ufficio Commerciale; \u2013 Ufficio Contabilit\u00e0; \u2013 Ufficio Tecnico; \u2013 Direzione del Personale. I dati potranno essere comunicati a terzi debitamente nominati Responsabili al trattamento, in particolare a: \u2013 banche e istituti di credito; \u2013 consulenti e liberi professionisti, anche in forma associata, in particolar modo per ottemperare ad eventuali necessit\u00e0 di natura fiscale, amministrativa, gestionale o contrattuale; \u2013 fornitori di servizi necessari allo svolgimento dell\u2019attivit\u00e0 di impresa, quali spedizionieri, trasportatori, padroncini, poste, aziende per la logistica; \u2013 societ\u00e0 riconducibili a Energica per la presenza di un unico e condiviso centro direttivo, per fini, amministrativi, contabili e commerciali; \u2013 autorit\u00e0, enti e comunque ogni soggetto, cui la comunicazione dei dati avviene per forza di legge o disposizioni di organi competenti in tal senso. \u2013 Google Analytics: servizio di analisi web di Google Inc., il cui sito contiene l\u2019informativa per la Privacy nella sezione dedicata.<\/p><p>\u00a0<\/p><p>Diffusione: I dati personali non verranno diffusi in alcun modo. Trasferimento: I suoi dati personali potranno inoltre essere trasferiti, limitatamente alle finalit\u00e0 sopra riportate e relative all\u2019uso del sito web, a destinatari che si potrebbero trovare al di fuori dello spazio economico europeo, comunque assicurando che il trattamento elettronico e cartaceo dei dati personali da parte dei destinatari avviene nel rispetto della normativa applicabile. I trasferimenti si basano alternativamente su una decisione di adeguatezza o sulle Standard Model Clauses approvate dalla Commissione Europea. Periodo di Conservazione. Nel rispetto dei principi di liceit\u00e0, limitazione delle finalit\u00e0 e minimizzazione dei dati, ai sensi dell\u2019art. 5 del GDPR, il periodo di conservazione dei dati personali \u00e8: \u2013 stabilito per un arco di tempo non superiore al conseguimento delle finalit\u00e0 per le quali sono raccolti e trattati per l\u2019esecuzione e l\u2019espletamento delle finalit\u00e0 contrattuali; \u2013 stabilito per un arco di tempo non superiore all\u2019espletamento dei servizi erogati; \u2013 stabilito per un arco di tempo non superiore al conseguimento delle finalit\u00e0 per le quali sono raccolti e trattati e nel rispetto dei tempi obbligatori prescritti dalla legge.<\/p><p>\u00a0<\/p><p>COOKIE POLICY<\/p><p>\u00a0<\/p><p>Gestione dei cookie: Il sito della societ\u00e0 Energica, all\u2019indirizzo www.energi-ca.it utilizza i cookies, piccoli files di testo che vengono memorizzati sul computer del navigatore, e che consentono di acquisire\/conservare informazioni sulle preferenze del navigatore. In particolare, quelli usati nel sito web del Titolare del trattamento sono ascrivibili a: * cookie tecnici: che vengono utilizzati al solo fine di rendere possibile la navigazione e la fruizione del sito web (\u201ccookie di navigazione\u201d) oppure per fornire al meglio un servizio richiesto dall\u2019utente. * cookie analytics: che permettono di raccogliere informazioni anche in forma aggregata ed anonima, per fini esclusivamente statistici, di analisi dell\u2019andamento e del numero di visitatori del sito e di miglioramento dello stesso a fronte delle succitate analisi. Nello specifico, sul sito web del Titolare del trattamento vengono usati cookie di terze parti, utilizzati per acquisire informazioni di natura prettamente statistica, e precisamente di \u201cGoogle Analytics\u201d sul quale il Titolare del trattamento non ha alcun controllo. Tali dati possono venire trasmessi e depositati su server di Google al di fuori dello spazio UE, sulla base di livello di adeguatezza alla protezione del dato sulla base di decisioni dell\u2019UE e dell\u2019Autorit\u00e0 Garante per la Protezione della Privacy. Le informazioni sull\u2019uso, le finalit\u00e0 e la sospensione di questi cookie, vengono direttamente fornite dalle terze parti e sono consultabili presso i siti istituzionali delle stesse. Nel caso in cui l\u2019interessato abbia dubbi o preoccupazioni in merito all\u2019utilizzo dei cookie, rimane sempre la possibilit\u00e0 allo stesso di intervenire per impedirne l\u2019impostazione e la lettura, ad esempio modificando le impostazioni sulla privacy all\u2019interno del proprio browser al fine di bloccarne determinati tipi. Poich\u00e9 ciascun browser \u2013 e spesso diverse versioni dello stesso browser \u2013 differiscono anche sensibilmente le une dalle altre, \u00e8 facolt\u00e0 dell\u2019interessato gestire autonomamente le impostazioni del proprio browser in modo che avvisi in fase di invio dei cookie e permetta la loro cancellazione anche se gi\u00e0 memorizzati. A ci\u00f2 si rinvia alle \u201cGuide\u201d dei browser medesimi. Per una panoramica delle modalit\u00e0 di azione per i browser pi\u00f9 comuni, pu\u00f2 visitare l\u2019indirizzo www.cookiepedia.co.uk. Le societ\u00e0 pubblicitarie consentono inoltre di rinunciare alla ricezione di annunci mirati tramite l\u2019uso dei cookie di profilazione, se l\u2019interessato lo desidera e nega il proprio consenso informato. Ci\u00f2 non impedisce l\u2019impostazione dei cookie, ma interrompe l\u2019utilizzo e la raccolta di alcuni dati da parte di tali societ\u00e0. Per maggiori informazioni e possibilit\u00e0 di rinuncia, visitare l\u2019indirizzo www.youronlinechoices.eu\/.<\/p><p>\u00a0<\/p><p>Titolare: Titolari del trattamento dei dati, ai sensi della Legge, \u00e8: \u2013 Energica (Piazza Arione Cecilia Morando, 6\/B, 12050 Magliano Alfieri CN; e-mail: info@energi-ca.it; telefono: 0173 211103; P.Iva: 04005110046) nella persona del suo legale rappresentante pro tempore;<\/p><p>L\u2019interessato ha diritto di ottenere dal responsabile la cancellazione (diritto all\u2019oblio), la limitazione, l\u2019aggiornamento, la rettificazione, la portabilit\u00e0, l\u2019opposizione al trattamento dei dati personali che lo riguardano, nonch\u00e9 in generale pu\u00f2 esercitare tutti i diritti previsti dagli artt. 15, 16, 17, 18, 19, 20, 21, 22 del GDPR. Reg.to UE 2016\/679: Artt. 15, 16, 17, 18, 19, 20, 21, 22 \u2013 Diritti dell\u2019Interessato 1. L\u2019interessato ha diritto di ottenere la conferma dell\u2019esistenza o meno di dati personali che lo riguardano, anche se non ancora registrati, e la loro comunicazione in forma intelligibile. 2. L\u2019interessato ha diritto di ottenere l\u2019indicazione: a. dell\u2019origine dei dati personali; b. delle finalit\u00e0 e modalit\u00e0 del trattamento; c. della logica applicata in caso di trattamento effettuato con l\u2019ausilio di strumenti elettronici; d. degli estremi identificativi del titolare, dei responsabili e del rappresentante designato ai sensi dell\u2019articolo 5, comma 2; e. dei soggetti o delle categorie di soggetti ai quali i dati personali possono essere comunicati o che possono venirne a conoscenza in qualit\u00e0 di rappresentante designato nel territorio dello Stato, di responsabili o incaricati. 3. L\u2019interessato ha diritto di ottenere: a. l\u2019aggiornamento, la rettifica ovvero, quando vi ha interesse, l\u2019integrazione dei dati; b. la cancellazione, la trasformazione in forma anonima o il blocco dei dati trattati in violazione di legge, compresi quelli di cui non \u00e8 necessaria la conservazione in relazione agli scopi per i quali i dati sono stati raccolti o successivamente trattati; c. l\u2019attestazione che le operazioni di cui alle lettere a) e b) sono state portate a conoscenza, anche per quanto riguarda il loro contenuto, di coloro ai quali i dati sono stati comunicati o diffusi, eccettuato il caso in cui tale adempimento si riveli impossibile o comporti un impiego di mezzi manifestamente sproporzionato rispetto al diritto tutelato; d. la portabilit\u00e0 dei dati. 4. L\u2019interessato ha diritto di opporsi, in tutto o in parte: a. per motivi legittimi al trattamento dei dati personali che lo riguardano, ancorch\u00e9 pertinenti allo scopo della raccolta; b. al trattamento di dati personali che lo riguardano a fini di invio di materiale pubblicitario o di vendita diretta o per il compimento di ricerche di mercato o di comunicazione commerciale. 5. L\u2019interessato ha inoltre il diritto di revocare il proprio consenso in ogni momento, senza che per questo venga pregiudicata la liceit\u00e0 del trattamento basata sul consenso prima della revoca, e con la stessa facilit\u00e0 con la quale \u00e8 stato accordato, ai sensi dell\u2019art. 7 del GDPR. 6. L\u2019interessato pu\u00f2 proporre reclamo all\u2019Autorit\u00e0 Garante per la Protezione dei Dati Personali qualora ritenga che il trattamento dei propri dati v\u00ecoli il suddetto Regolamento, il tutto ai sensi dell\u2019art. 77 del GDPR.<\/p>\t\t\t\t\t\t<\/div>\n\t\t\t\t<\/div>\n\t\t\t\t\t<\/div>\n\t\t<\/div>\n\t\t\t\t\t<\/div>\n\t\t<\/section>\n\t\t\t\t<\/div>\n\t\t","protected":false},"excerpt":{"rendered":"<p>INFORMATIVA SUL TRATTAMENTO DEI DATI PERSONALI EX ARTT. 13-14 REG.TO UE 2016\/67 E COOKIE POLICY \u00a0 Soggetti Interessati: clienti e utenti web. [&hellip;]<\/p>\n","protected":false},"author":1,"featured_media":0,"parent":0,"menu_order":0,"comment_status":"closed","ping_status":"closed","template":"","meta":{"footnotes":""},"class_list":["post-1359","page","type-page","status-publish","hentry"],"_links":{"self":[{"href":"https:\/\/energi-ca.it\/index.php?rest_route=\/wp\/v2\/pages\/1359","targetHints":{"allow":["GET"]}}],"collection":[{"href":"https:\/\/energi-ca.it\/index.php?rest_route=\/wp\/v2\/pages"}],"about":[{"href":"https:\/\/energi-ca.it\/index.php?rest_route=\/wp\/v2\/types\/page"}],"author":[{"embeddable":true,"href":"https:\/\/energi-ca.it\/index.php?rest_route=\/wp\/v2\/users\/1"}],"replies":[{"embeddable":true,"href":"https:\/\/energi-ca.it\/index.php?rest_route=%2Fwp%2Fv2%2Fcomments&post=1359"}],"version-history":[{"count":5,"href":"https:\/\/energi-ca.it\/index.php?rest_route=\/wp\/v2\/pages\/1359\/revisions"}],"predecessor-version":[{"id":1366,"href":"https:\/\/energi-ca.it\/index.php?rest_route=\/wp\/v2\/pages\/1359\/revisions\/1366"}],"wp:attachment":[{"href":"https:\/\/energi-ca.it\/index.php?rest_route=%2Fwp%2Fv2%2Fmedia&parent=1359"}],"curies":[{"name":"wp","href":"https:\/\/api.w.org\/{rel}","templated":true}]}}