{"id":942,"date":"2022-12-14T08:09:03","date_gmt":"2022-12-14T08:09:03","guid":{"rendered":"http:\/\/energi-ca.it\/?page_id=942"},"modified":"2023-01-11T16:02:24","modified_gmt":"2023-01-11T16:02:24","slug":"telaio","status":"publish","type":"page","link":"https:\/\/energi-ca.it\/?page_id=942","title":{"rendered":"Telaio"},"content":{"rendered":"\t\t<div data-elementor-type=\"wp-page\" data-elementor-id=\"942\" class=\"elementor elementor-942\">\n\t\t\t\t\t\t<section class=\"elementor-section elementor-top-section elementor-element elementor-element-89b5e45 elementor-section-height-min-height elementor-section-stretched elementor-section-boxed elementor-section-height-default elementor-section-items-middle\" data-id=\"89b5e45\" data-element_type=\"section\" data-settings=\"{&quot;stretch_section&quot;:&quot;section-stretched&quot;,&quot;background_background&quot;:&quot;classic&quot;}\">\n\t\t\t\t\t\t<div class=\"elementor-container elementor-column-gap-default\">\n\t\t\t\t\t<div class=\"elementor-column elementor-col-100 elementor-top-column elementor-element elementor-element-42f9817\" data-id=\"42f9817\" data-element_type=\"column\">\n\t\t\t<div class=\"elementor-widget-wrap\">\n\t\t\t\t\t\t\t<\/div>\n\t\t<\/div>\n\t\t\t\t\t<\/div>\n\t\t<\/section>\n\t\t\t\t<section class=\"elementor-section elementor-top-section elementor-element elementor-element-c676bb5 elementor-section-height-min-height elementor-section-stretched elementor-section-boxed elementor-section-height-default elementor-section-items-middle\" data-id=\"c676bb5\" data-element_type=\"section\" data-settings=\"{&quot;stretch_section&quot;:&quot;section-stretched&quot;,&quot;background_background&quot;:&quot;classic&quot;}\">\n\t\t\t\t\t\t<div class=\"elementor-container elementor-column-gap-default\">\n\t\t\t\t\t<div class=\"elementor-column elementor-col-50 elementor-top-column elementor-element elementor-element-70206b1\" data-id=\"70206b1\" data-element_type=\"column\">\n\t\t\t<div class=\"elementor-widget-wrap elementor-element-populated\">\n\t\t\t\t\t\t<div class=\"elementor-element elementor-element-885d2ce elementor-widget elementor-widget-text-editor\" data-id=\"885d2ce\" data-element_type=\"widget\" data-widget_type=\"text-editor.default\">\n\t\t\t\t<div class=\"elementor-widget-container\">\n\t\t\t<style>\/*! elementor - v3.19.0 - 26-02-2024 *\/\n.elementor-widget-text-editor.elementor-drop-cap-view-stacked .elementor-drop-cap{background-color:#69727d;color:#fff}.elementor-widget-text-editor.elementor-drop-cap-view-framed .elementor-drop-cap{color:#69727d;border:3px solid;background-color:transparent}.elementor-widget-text-editor:not(.elementor-drop-cap-view-default) .elementor-drop-cap{margin-top:8px}.elementor-widget-text-editor:not(.elementor-drop-cap-view-default) .elementor-drop-cap-letter{width:1em;height:1em}.elementor-widget-text-editor .elementor-drop-cap{float:left;text-align:center;line-height:1;font-size:50px}.elementor-widget-text-editor .elementor-drop-cap-letter{display:inline-block}<\/style>\t\t\t\t<h3><strong style=\"color: #02b954;\">IL SISTEMA COSTRUTTIVO A TELAIO<\/strong><\/h3><p>Il sistema costruttivo a Telaio impiega elementi verticali (montanti) e orizzontali (traversi) in legno uniti con connessioni metalliche per costituire un pannello, ovvero l\u2019ossatura portante dell\u2019edificio. Questi elementi disposti in modo regolare permettono flessibilit\u00e0 nello studio delle facciate e delle pareti divisorie interne. Coprono le funzioni di irrigidimento e controventatura in risposta alle azioni sismiche i controventi diagonali.<\/p><p>Il telaio \u00e8 rivestito solitamente con pannelli di OSB in modo da costituire un elemento strutturale a lastra. Uno strato di coibentazione \u00e8 interposto ai montanti del telaio interno (generalmente fibra di legno o lana minerale), mentre un cappotto termico \u00e8 realizzato sul lato esterno. Le predisposizioni per il passaggio degli impianti invece sono posizionate nella controparete che viene costruita sul lato interno della parete e tamponata con cartongesso o con lastre del materiale prescelto per l\u2019applicazione dello strato di finitura (tinteggiatura, piastrelle\u2026).<\/p>\t\t\t\t\t\t<\/div>\n\t\t\t\t<\/div>\n\t\t\t\t\t<\/div>\n\t\t<\/div>\n\t\t\t\t<div class=\"elementor-column elementor-col-50 elementor-top-column elementor-element elementor-element-0b1a4cc\" data-id=\"0b1a4cc\" data-element_type=\"column\">\n\t\t\t<div class=\"elementor-widget-wrap elementor-element-populated\">\n\t\t\t\t\t\t<div class=\"elementor-element elementor-element-6e9654f elementor-widget elementor-widget-image\" data-id=\"6e9654f\" data-element_type=\"widget\" data-widget_type=\"image.default\">\n\t\t\t\t<div class=\"elementor-widget-container\">\n\t\t\t<style>\/*! elementor - v3.19.0 - 26-02-2024 *\/\n.elementor-widget-image{text-align:center}.elementor-widget-image a{display:inline-block}.elementor-widget-image a img[src$=\".svg\"]{width:48px}.elementor-widget-image img{vertical-align:middle;display:inline-block}<\/style>\t\t\t\t\t\t\t\t\t\t<img fetchpriority=\"high\" decoding=\"async\" width=\"1024\" height=\"1280\" src=\"https:\/\/energi-ca.it\/wp-content\/uploads\/2023\/01\/Telaio_cappotto-ventilato.jpg\" class=\"attachment-large size-large wp-image-1230\" alt=\"\" srcset=\"https:\/\/energi-ca.it\/wp-content\/uploads\/2023\/01\/Telaio_cappotto-ventilato.jpg 1024w, https:\/\/energi-ca.it\/wp-content\/uploads\/2023\/01\/Telaio_cappotto-ventilato-240x300.jpg 240w, https:\/\/energi-ca.it\/wp-content\/uploads\/2023\/01\/Telaio_cappotto-ventilato-768x960.jpg 768w, https:\/\/energi-ca.it\/wp-content\/uploads\/2023\/01\/Telaio_cappotto-ventilato-1000x1250.jpg 1000w, https:\/\/energi-ca.it\/wp-content\/uploads\/2023\/01\/Telaio_cappotto-ventilato-230x288.jpg 230w, https:\/\/energi-ca.it\/wp-content\/uploads\/2023\/01\/Telaio_cappotto-ventilato-350x438.jpg 350w, https:\/\/energi-ca.it\/wp-content\/uploads\/2023\/01\/Telaio_cappotto-ventilato-480x600.jpg 480w\" sizes=\"(max-width: 1024px) 100vw, 1024px\" \/>\t\t\t\t\t\t\t\t\t\t\t\t\t<\/div>\n\t\t\t\t<\/div>\n\t\t\t\t\t<\/div>\n\t\t<\/div>\n\t\t\t\t\t<\/div>\n\t\t<\/section>\n\t\t\t\t<section class=\"elementor-section elementor-top-section elementor-element elementor-element-33aaf59 elementor-section-height-min-height elementor-section-stretched elementor-section-boxed elementor-section-height-default elementor-section-items-middle\" data-id=\"33aaf59\" data-element_type=\"section\" data-settings=\"{&quot;stretch_section&quot;:&quot;section-stretched&quot;,&quot;background_background&quot;:&quot;classic&quot;}\">\n\t\t\t\t\t\t<div class=\"elementor-container elementor-column-gap-default\">\n\t\t\t\t\t<div class=\"elementor-column elementor-col-50 elementor-top-column elementor-element elementor-element-924a43a\" data-id=\"924a43a\" data-element_type=\"column\">\n\t\t\t<div class=\"elementor-widget-wrap elementor-element-populated\">\n\t\t\t\t\t\t<div class=\"elementor-element elementor-element-a5cd7c1 elementor-widget elementor-widget-image\" data-id=\"a5cd7c1\" data-element_type=\"widget\" data-widget_type=\"image.default\">\n\t\t\t\t<div class=\"elementor-widget-container\">\n\t\t\t\t\t\t\t\t\t\t\t\t\t<img decoding=\"async\" width=\"1024\" height=\"1177\" src=\"https:\/\/energi-ca.it\/wp-content\/uploads\/2022\/12\/Telaio_controparete-intonaco-e1673452939612.jpg\" class=\"attachment-large size-large wp-image-1169\" alt=\"\" srcset=\"https:\/\/energi-ca.it\/wp-content\/uploads\/2022\/12\/Telaio_controparete-intonaco-e1673452939612.jpg 1024w, https:\/\/energi-ca.it\/wp-content\/uploads\/2022\/12\/Telaio_controparete-intonaco-e1673452939612-261x300.jpg 261w, https:\/\/energi-ca.it\/wp-content\/uploads\/2022\/12\/Telaio_controparete-intonaco-e1673452939612-768x883.jpg 768w, https:\/\/energi-ca.it\/wp-content\/uploads\/2022\/12\/Telaio_controparete-intonaco-e1673452939612-1000x1149.jpg 1000w, https:\/\/energi-ca.it\/wp-content\/uploads\/2022\/12\/Telaio_controparete-intonaco-e1673452939612-230x264.jpg 230w, https:\/\/energi-ca.it\/wp-content\/uploads\/2022\/12\/Telaio_controparete-intonaco-e1673452939612-350x402.jpg 350w, https:\/\/energi-ca.it\/wp-content\/uploads\/2022\/12\/Telaio_controparete-intonaco-e1673452939612-480x552.jpg 480w\" sizes=\"(max-width: 1024px) 100vw, 1024px\" \/>\t\t\t\t\t\t\t\t\t\t\t\t\t<\/div>\n\t\t\t\t<\/div>\n\t\t\t\t\t<\/div>\n\t\t<\/div>\n\t\t\t\t<div class=\"elementor-column elementor-col-50 elementor-top-column elementor-element elementor-element-357a960\" data-id=\"357a960\" data-element_type=\"column\">\n\t\t\t<div class=\"elementor-widget-wrap elementor-element-populated\">\n\t\t\t\t\t\t<div class=\"elementor-element elementor-element-6244306 elementor-widget elementor-widget-text-editor\" data-id=\"6244306\" data-element_type=\"widget\" data-widget_type=\"text-editor.default\">\n\t\t\t\t<div class=\"elementor-widget-container\">\n\t\t\t\t\t\t\t<p>Ogni parete dell\u2019edificio \u00e8 costituita da uno o pi\u00f9 pannelli fissati tra loro con apposita ferramenta. La connessione alla fondazione avviene tramite connettori metallici opportunamente dimensionati.<\/p><p>Il sistema a telaio vista la preponderante presenza di materiale isolante nelle pareti offre un&#8217;elevata efficienza energetica. Grazie alla leggerezza delle strutture il sistema si presta a garantire ottimi livelli di sicurezza in caso di terremoti. La modularit\u00e0 dei componenti inoltre concorre ad assicurare una notevole libert\u00e0 progettuale. Essendo il sistema che utilizza sezioni di legno di minore entit\u00e0 risulta anche quello che permette di prevedere prezzi di acquisto pi\u00f9 contenuti rispetto ad altri tipi di prefabbricazione.<\/p>\t\t\t\t\t\t<\/div>\n\t\t\t\t<\/div>\n\t\t\t\t\t<\/div>\n\t\t<\/div>\n\t\t\t\t\t<\/div>\n\t\t<\/section>\n\t\t\t\t<section class=\"elementor-section elementor-top-section elementor-element elementor-element-4541ee7 elementor-section-height-min-height elementor-section-stretched elementor-section-boxed elementor-section-height-default elementor-section-items-middle\" data-id=\"4541ee7\" data-element_type=\"section\" data-settings=\"{&quot;stretch_section&quot;:&quot;section-stretched&quot;,&quot;background_background&quot;:&quot;classic&quot;}\">\n\t\t\t\t\t\t<div class=\"elementor-container elementor-column-gap-default\">\n\t\t\t\t\t<div class=\"elementor-column elementor-col-50 elementor-top-column elementor-element elementor-element-57984f1\" data-id=\"57984f1\" data-element_type=\"column\">\n\t\t\t<div class=\"elementor-widget-wrap elementor-element-populated\">\n\t\t\t\t\t\t<div class=\"elementor-element elementor-element-2e56a4f elementor-widget elementor-widget-image\" data-id=\"2e56a4f\" data-element_type=\"widget\" data-widget_type=\"image.default\">\n\t\t\t\t<div class=\"elementor-widget-container\">\n\t\t\t\t\t\t\t\t\t\t\t\t\t<img decoding=\"async\" width=\"1024\" height=\"1280\" src=\"https:\/\/energi-ca.it\/wp-content\/uploads\/2022\/12\/Telaio_cappotto-ventilato.jpg\" class=\"attachment-large size-large wp-image-1170\" alt=\"\" srcset=\"https:\/\/energi-ca.it\/wp-content\/uploads\/2022\/12\/Telaio_cappotto-ventilato.jpg 1024w, https:\/\/energi-ca.it\/wp-content\/uploads\/2022\/12\/Telaio_cappotto-ventilato-240x300.jpg 240w, https:\/\/energi-ca.it\/wp-content\/uploads\/2022\/12\/Telaio_cappotto-ventilato-768x960.jpg 768w, https:\/\/energi-ca.it\/wp-content\/uploads\/2022\/12\/Telaio_cappotto-ventilato-1000x1250.jpg 1000w, https:\/\/energi-ca.it\/wp-content\/uploads\/2022\/12\/Telaio_cappotto-ventilato-230x288.jpg 230w, https:\/\/energi-ca.it\/wp-content\/uploads\/2022\/12\/Telaio_cappotto-ventilato-350x438.jpg 350w, https:\/\/energi-ca.it\/wp-content\/uploads\/2022\/12\/Telaio_cappotto-ventilato-480x600.jpg 480w\" sizes=\"(max-width: 1024px) 100vw, 1024px\" \/>\t\t\t\t\t\t\t\t\t\t\t\t\t<\/div>\n\t\t\t\t<\/div>\n\t\t\t\t\t<\/div>\n\t\t<\/div>\n\t\t\t\t<div class=\"elementor-column elementor-col-50 elementor-top-column elementor-element elementor-element-d6281d8\" data-id=\"d6281d8\" data-element_type=\"column\">\n\t\t\t<div class=\"elementor-widget-wrap elementor-element-populated\">\n\t\t\t\t\t\t<div class=\"elementor-element elementor-element-7ff10bd elementor-widget elementor-widget-image\" data-id=\"7ff10bd\" data-element_type=\"widget\" data-widget_type=\"image.default\">\n\t\t\t\t<div class=\"elementor-widget-container\">\n\t\t\t\t\t\t\t\t\t\t\t\t\t<img loading=\"lazy\" decoding=\"async\" width=\"1024\" height=\"1280\" src=\"https:\/\/energi-ca.it\/wp-content\/uploads\/2022\/12\/Telaio_cappotto-intonacato.jpg\" class=\"attachment-large size-large wp-image-1171\" alt=\"\" srcset=\"https:\/\/energi-ca.it\/wp-content\/uploads\/2022\/12\/Telaio_cappotto-intonacato.jpg 1024w, https:\/\/energi-ca.it\/wp-content\/uploads\/2022\/12\/Telaio_cappotto-intonacato-240x300.jpg 240w, https:\/\/energi-ca.it\/wp-content\/uploads\/2022\/12\/Telaio_cappotto-intonacato-768x960.jpg 768w, https:\/\/energi-ca.it\/wp-content\/uploads\/2022\/12\/Telaio_cappotto-intonacato-1000x1250.jpg 1000w, https:\/\/energi-ca.it\/wp-content\/uploads\/2022\/12\/Telaio_cappotto-intonacato-230x288.jpg 230w, https:\/\/energi-ca.it\/wp-content\/uploads\/2022\/12\/Telaio_cappotto-intonacato-350x438.jpg 350w, https:\/\/energi-ca.it\/wp-content\/uploads\/2022\/12\/Telaio_cappotto-intonacato-480x600.jpg 480w\" sizes=\"(max-width: 1024px) 100vw, 1024px\" \/>\t\t\t\t\t\t\t\t\t\t\t\t\t<\/div>\n\t\t\t\t<\/div>\n\t\t\t\t\t<\/div>\n\t\t<\/div>\n\t\t\t\t\t<\/div>\n\t\t<\/section>\n\t\t\t\t<\/div>\n\t\t","protected":false},"excerpt":{"rendered":"<p>IL SISTEMA COSTRUTTIVO A TELAIO Il sistema costruttivo a Telaio impiega elementi verticali (montanti) e orizzontali (traversi) in legno uniti con connessioni [&hellip;]<\/p>\n","protected":false},"author":1,"featured_media":0,"parent":768,"menu_order":0,"comment_status":"closed","ping_status":"closed","template":"elementor_header_footer","meta":{"footnotes":""},"class_list":["post-942","page","type-page","status-publish","hentry"],"_links":{"self":[{"href":"https:\/\/energi-ca.it\/index.php?rest_route=\/wp\/v2\/pages\/942","targetHints":{"allow":["GET"]}}],"collection":[{"href":"https:\/\/energi-ca.it\/index.php?rest_route=\/wp\/v2\/pages"}],"about":[{"href":"https:\/\/energi-ca.it\/index.php?rest_route=\/wp\/v2\/types\/page"}],"author":[{"embeddable":true,"href":"https:\/\/energi-ca.it\/index.php?rest_route=\/wp\/v2\/users\/1"}],"replies":[{"embeddable":true,"href":"https:\/\/energi-ca.it\/index.php?rest_route=%2Fwp%2Fv2%2Fcomments&post=942"}],"version-history":[{"count":37,"href":"https:\/\/energi-ca.it\/index.php?rest_route=\/wp\/v2\/pages\/942\/revisions"}],"predecessor-version":[{"id":1263,"href":"https:\/\/energi-ca.it\/index.php?rest_route=\/wp\/v2\/pages\/942\/revisions\/1263"}],"up":[{"embeddable":true,"href":"https:\/\/energi-ca.it\/index.php?rest_route=\/wp\/v2\/pages\/768"}],"wp:attachment":[{"href":"https:\/\/energi-ca.it\/index.php?rest_route=%2Fwp%2Fv2%2Fmedia&parent=942"}],"curies":[{"name":"wp","href":"https:\/\/api.w.org\/{rel}","templated":true}]}}