{"id":943,"date":"2022-12-14T08:09:16","date_gmt":"2022-12-14T08:09:16","guid":{"rendered":"http:\/\/energi-ca.it\/?page_id=943"},"modified":"2023-01-11T16:02:06","modified_gmt":"2023-01-11T16:02:06","slug":"xlam-2","status":"publish","type":"page","link":"https:\/\/energi-ca.it\/?page_id=943","title":{"rendered":"XLAM"},"content":{"rendered":"\t\t<div data-elementor-type=\"wp-page\" data-elementor-id=\"943\" class=\"elementor elementor-943\">\n\t\t\t\t\t\t<section class=\"elementor-section elementor-top-section elementor-element elementor-element-b6818df elementor-section-height-min-height elementor-section-stretched elementor-section-boxed elementor-section-height-default elementor-section-items-middle\" data-id=\"b6818df\" data-element_type=\"section\" data-settings=\"{&quot;stretch_section&quot;:&quot;section-stretched&quot;,&quot;background_background&quot;:&quot;classic&quot;}\">\n\t\t\t\t\t\t<div class=\"elementor-container elementor-column-gap-default\">\n\t\t\t\t\t<div class=\"elementor-column elementor-col-100 elementor-top-column elementor-element elementor-element-0c3ca5d\" data-id=\"0c3ca5d\" data-element_type=\"column\">\n\t\t\t<div class=\"elementor-widget-wrap\">\n\t\t\t\t\t\t\t<\/div>\n\t\t<\/div>\n\t\t\t\t\t<\/div>\n\t\t<\/section>\n\t\t\t\t<section class=\"elementor-section elementor-top-section elementor-element elementor-element-7bffc25 elementor-section-height-min-height elementor-section-stretched elementor-section-boxed elementor-section-height-default elementor-section-items-middle\" data-id=\"7bffc25\" data-element_type=\"section\" data-settings=\"{&quot;stretch_section&quot;:&quot;section-stretched&quot;,&quot;background_background&quot;:&quot;classic&quot;}\">\n\t\t\t\t\t\t<div class=\"elementor-container elementor-column-gap-default\">\n\t\t\t\t\t<div class=\"elementor-column elementor-col-50 elementor-top-column elementor-element elementor-element-ee28fc4\" data-id=\"ee28fc4\" data-element_type=\"column\">\n\t\t\t<div class=\"elementor-widget-wrap elementor-element-populated\">\n\t\t\t\t\t\t<div class=\"elementor-element elementor-element-ac6d4c7 elementor-widget elementor-widget-text-editor\" data-id=\"ac6d4c7\" data-element_type=\"widget\" data-widget_type=\"text-editor.default\">\n\t\t\t\t<div class=\"elementor-widget-container\">\n\t\t\t<style>\/*! elementor - v3.19.0 - 26-02-2024 *\/\n.elementor-widget-text-editor.elementor-drop-cap-view-stacked .elementor-drop-cap{background-color:#69727d;color:#fff}.elementor-widget-text-editor.elementor-drop-cap-view-framed .elementor-drop-cap{color:#69727d;border:3px solid;background-color:transparent}.elementor-widget-text-editor:not(.elementor-drop-cap-view-default) .elementor-drop-cap{margin-top:8px}.elementor-widget-text-editor:not(.elementor-drop-cap-view-default) .elementor-drop-cap-letter{width:1em;height:1em}.elementor-widget-text-editor .elementor-drop-cap{float:left;text-align:center;line-height:1;font-size:50px}.elementor-widget-text-editor .elementor-drop-cap-letter{display:inline-block}<\/style>\t\t\t\t<h3><strong style=\"color: #02b954;\">IL SISTEMA COSTRUTTIVO XLAM<\/strong><\/h3>\n<p>Il sistema costruttivo Xlam prevede l\u2019utilizzo di pannelli bidimensionali, disposti verticalmente e orizzontalmente per creare pareti verticali e solai, uniti tra loro per mezzo di connessioni metalliche.<\/p>\n<p>I pannelli X-Lam (conosciuto anche come Cross Laminated Timber) sono caratterizzati dall\u2019impiego di pi\u00f9 strati incrociati di legno massiccio sovrapposti ed incollati tra di loro, con la fibratura di ogni strato ruotata di 90\u00b0 rispetto a quella dello strato precedente. Il numero di strati di legno \u00e8 dispari e generalmente varia da un minimo di 3 ad un massimo di 7-9 strati. In linea di massima maggiore \u00e8 il numero degli strati e maggiore \u00e8 la portata e la stabilit\u00e0 del pannello.<\/p>\t\t\t\t\t\t<\/div>\n\t\t\t\t<\/div>\n\t\t\t\t\t<\/div>\n\t\t<\/div>\n\t\t\t\t<div class=\"elementor-column elementor-col-50 elementor-top-column elementor-element elementor-element-5dbc123\" data-id=\"5dbc123\" data-element_type=\"column\">\n\t\t\t<div class=\"elementor-widget-wrap elementor-element-populated\">\n\t\t\t\t\t\t<div class=\"elementor-element elementor-element-3a60339 elementor-widget elementor-widget-image\" data-id=\"3a60339\" data-element_type=\"widget\" data-widget_type=\"image.default\">\n\t\t\t\t<div class=\"elementor-widget-container\">\n\t\t\t<style>\/*! elementor - v3.19.0 - 26-02-2024 *\/\n.elementor-widget-image{text-align:center}.elementor-widget-image a{display:inline-block}.elementor-widget-image a img[src$=\".svg\"]{width:48px}.elementor-widget-image img{vertical-align:middle;display:inline-block}<\/style>\t\t\t\t\t\t\t\t\t\t<img fetchpriority=\"high\" decoding=\"async\" width=\"1024\" height=\"1280\" src=\"https:\/\/energi-ca.it\/wp-content\/uploads\/2022\/12\/XLAM_controparete-perline.jpg\" class=\"attachment-large size-large wp-image-1162\" alt=\"\" srcset=\"https:\/\/energi-ca.it\/wp-content\/uploads\/2022\/12\/XLAM_controparete-perline.jpg 1024w, https:\/\/energi-ca.it\/wp-content\/uploads\/2022\/12\/XLAM_controparete-perline-240x300.jpg 240w, https:\/\/energi-ca.it\/wp-content\/uploads\/2022\/12\/XLAM_controparete-perline-768x960.jpg 768w, https:\/\/energi-ca.it\/wp-content\/uploads\/2022\/12\/XLAM_controparete-perline-1000x1250.jpg 1000w, https:\/\/energi-ca.it\/wp-content\/uploads\/2022\/12\/XLAM_controparete-perline-230x288.jpg 230w, https:\/\/energi-ca.it\/wp-content\/uploads\/2022\/12\/XLAM_controparete-perline-350x438.jpg 350w, https:\/\/energi-ca.it\/wp-content\/uploads\/2022\/12\/XLAM_controparete-perline-480x600.jpg 480w\" sizes=\"(max-width: 1024px) 100vw, 1024px\" \/>\t\t\t\t\t\t\t\t\t\t\t\t\t<\/div>\n\t\t\t\t<\/div>\n\t\t\t\t\t<\/div>\n\t\t<\/div>\n\t\t\t\t\t<\/div>\n\t\t<\/section>\n\t\t\t\t<section class=\"elementor-section elementor-top-section elementor-element elementor-element-4697222 elementor-section-height-min-height elementor-section-stretched elementor-section-boxed elementor-section-height-default elementor-section-items-middle\" data-id=\"4697222\" data-element_type=\"section\" data-settings=\"{&quot;stretch_section&quot;:&quot;section-stretched&quot;,&quot;background_background&quot;:&quot;classic&quot;}\">\n\t\t\t\t\t\t<div class=\"elementor-container elementor-column-gap-default\">\n\t\t\t\t\t<div class=\"elementor-column elementor-col-50 elementor-top-column elementor-element elementor-element-c06115d\" data-id=\"c06115d\" data-element_type=\"column\">\n\t\t\t<div class=\"elementor-widget-wrap elementor-element-populated\">\n\t\t\t\t\t\t<div class=\"elementor-element elementor-element-7aca61f elementor-widget elementor-widget-image\" data-id=\"7aca61f\" data-element_type=\"widget\" data-widget_type=\"image.default\">\n\t\t\t\t<div class=\"elementor-widget-container\">\n\t\t\t\t\t\t\t\t\t\t\t\t\t<img decoding=\"async\" width=\"1024\" height=\"1177\" src=\"https:\/\/energi-ca.it\/wp-content\/uploads\/2022\/12\/XLAM_controparete-intonaco-e1673452919487.jpg\" class=\"attachment-large size-large wp-image-1163\" alt=\"\" srcset=\"https:\/\/energi-ca.it\/wp-content\/uploads\/2022\/12\/XLAM_controparete-intonaco-e1673452919487.jpg 1024w, https:\/\/energi-ca.it\/wp-content\/uploads\/2022\/12\/XLAM_controparete-intonaco-e1673452919487-261x300.jpg 261w, https:\/\/energi-ca.it\/wp-content\/uploads\/2022\/12\/XLAM_controparete-intonaco-e1673452919487-768x883.jpg 768w, https:\/\/energi-ca.it\/wp-content\/uploads\/2022\/12\/XLAM_controparete-intonaco-e1673452919487-1000x1149.jpg 1000w, https:\/\/energi-ca.it\/wp-content\/uploads\/2022\/12\/XLAM_controparete-intonaco-e1673452919487-230x264.jpg 230w, https:\/\/energi-ca.it\/wp-content\/uploads\/2022\/12\/XLAM_controparete-intonaco-e1673452919487-350x402.jpg 350w, https:\/\/energi-ca.it\/wp-content\/uploads\/2022\/12\/XLAM_controparete-intonaco-e1673452919487-480x552.jpg 480w\" sizes=\"(max-width: 1024px) 100vw, 1024px\" \/>\t\t\t\t\t\t\t\t\t\t\t\t\t<\/div>\n\t\t\t\t<\/div>\n\t\t\t\t\t<\/div>\n\t\t<\/div>\n\t\t\t\t<div class=\"elementor-column elementor-col-50 elementor-top-column elementor-element elementor-element-3f535b0\" data-id=\"3f535b0\" data-element_type=\"column\">\n\t\t\t<div class=\"elementor-widget-wrap elementor-element-populated\">\n\t\t\t\t\t\t<div class=\"elementor-element elementor-element-616ad84 elementor-widget elementor-widget-text-editor\" data-id=\"616ad84\" data-element_type=\"widget\" data-widget_type=\"text-editor.default\">\n\t\t\t\t<div class=\"elementor-widget-container\">\n\t\t\t\t\t\t\t<p>I pannelli in x-lam vengono collegati tra loro a formare una parete attraverso piastre e viti metalliche. Rappresentano la componente strutturale dell\u2019edificio e non \u00e8 possibile lasciarli \u201ca vista\u201d in quanto hanno necessit\u00e0 di essere completati con materiali coibenti e rivestimenti applicati sul lato esterno con funzione di isolamento aggiuntivo e finitura. Sul lato interno delle pareti in xlam invece, viene realizzata una controparete per la predisposizione dell\u2019alloggiamento gli impianti. Contropareti analoghe vengono applicate anche per completare i pannelli che costituiscono le pareti portanti interne.<\/p><p>La parete deve inoltre essere opportunamente protetta attraverso l&#8217;installazione di adeguati freni vapore e membrane traspiranti.\u00a0\u00a0\u00a0<\/p><p>L\u2019 ancoraggio alla fondazione avviene tramite appositi connettori metallici.<\/p>\t\t\t\t\t\t<\/div>\n\t\t\t\t<\/div>\n\t\t\t\t\t<\/div>\n\t\t<\/div>\n\t\t\t\t\t<\/div>\n\t\t<\/section>\n\t\t\t\t<section class=\"elementor-section elementor-top-section elementor-element elementor-element-18ce04b elementor-section-height-min-height elementor-section-stretched elementor-section-boxed elementor-section-height-default elementor-section-items-middle\" data-id=\"18ce04b\" data-element_type=\"section\" data-settings=\"{&quot;stretch_section&quot;:&quot;section-stretched&quot;,&quot;background_background&quot;:&quot;classic&quot;}\">\n\t\t\t\t\t\t<div class=\"elementor-container elementor-column-gap-default\">\n\t\t\t\t\t<div class=\"elementor-column elementor-col-50 elementor-top-column elementor-element elementor-element-d5a667d\" data-id=\"d5a667d\" data-element_type=\"column\">\n\t\t\t<div class=\"elementor-widget-wrap elementor-element-populated\">\n\t\t\t\t\t\t<div class=\"elementor-element elementor-element-fecc306 elementor-widget elementor-widget-text-editor\" data-id=\"fecc306\" data-element_type=\"widget\" data-widget_type=\"text-editor.default\">\n\t\t\t\t<div class=\"elementor-widget-container\">\n\t\t\t\t\t\t\t<p>I principali vantaggi derivanti dalla scelta dei pannelli XLam come struttura per la propria abitazione sono:<\/p><ul><li>una messa in opera rapida che permette cantieri veloci e di conseguenza meno onerosi rispetto a quelli tradizionali.<\/li><li>Consumo energetico ridotto grazie alla importante massa di legno che risulta essere la componente principale delle pareti<\/li><li>Sicurezza sismica derivante dalla naturale risposta del materiale legnoso alle sollecitazioni sismiche e da una opportuna progettazione delle connessioni.<\/li><li>Sostenibilit\u00e0 e attenzione all\u2019ambiente grazie alla scelta di produttori certificati.<\/li><li>Costi prevedibili e controllabili gi\u00e0 in fase di progettazione grazie alle caratteristiche tipiche della prefabbricazione<\/li><\/ul>\t\t\t\t\t\t<\/div>\n\t\t\t\t<\/div>\n\t\t\t\t\t<\/div>\n\t\t<\/div>\n\t\t\t\t<div class=\"elementor-column elementor-col-50 elementor-top-column elementor-element elementor-element-ea7c578\" data-id=\"ea7c578\" data-element_type=\"column\">\n\t\t\t<div class=\"elementor-widget-wrap elementor-element-populated\">\n\t\t\t\t\t\t<div class=\"elementor-element elementor-element-480fe6b elementor-widget elementor-widget-image\" data-id=\"480fe6b\" data-element_type=\"widget\" data-widget_type=\"image.default\">\n\t\t\t\t<div class=\"elementor-widget-container\">\n\t\t\t\t\t\t\t\t\t\t\t\t\t<img decoding=\"async\" width=\"1024\" height=\"1280\" src=\"https:\/\/energi-ca.it\/wp-content\/uploads\/2022\/12\/XLAM_cappotto-ventilato.jpg\" class=\"attachment-large size-large wp-image-1164\" alt=\"\" srcset=\"https:\/\/energi-ca.it\/wp-content\/uploads\/2022\/12\/XLAM_cappotto-ventilato.jpg 1024w, https:\/\/energi-ca.it\/wp-content\/uploads\/2022\/12\/XLAM_cappotto-ventilato-240x300.jpg 240w, https:\/\/energi-ca.it\/wp-content\/uploads\/2022\/12\/XLAM_cappotto-ventilato-768x960.jpg 768w, https:\/\/energi-ca.it\/wp-content\/uploads\/2022\/12\/XLAM_cappotto-ventilato-1000x1250.jpg 1000w, https:\/\/energi-ca.it\/wp-content\/uploads\/2022\/12\/XLAM_cappotto-ventilato-230x288.jpg 230w, https:\/\/energi-ca.it\/wp-content\/uploads\/2022\/12\/XLAM_cappotto-ventilato-350x438.jpg 350w, https:\/\/energi-ca.it\/wp-content\/uploads\/2022\/12\/XLAM_cappotto-ventilato-480x600.jpg 480w\" sizes=\"(max-width: 1024px) 100vw, 1024px\" \/>\t\t\t\t\t\t\t\t\t\t\t\t\t<\/div>\n\t\t\t\t<\/div>\n\t\t\t\t\t<\/div>\n\t\t<\/div>\n\t\t\t\t\t<\/div>\n\t\t<\/section>\n\t\t\t\t<\/div>\n\t\t","protected":false},"excerpt":{"rendered":"<p>IL SISTEMA COSTRUTTIVO XLAM Il sistema costruttivo Xlam prevede l\u2019utilizzo di pannelli bidimensionali, disposti verticalmente e orizzontalmente per creare pareti verticali e [&hellip;]<\/p>\n","protected":false},"author":1,"featured_media":0,"parent":768,"menu_order":0,"comment_status":"closed","ping_status":"closed","template":"elementor_header_footer","meta":{"footnotes":""},"class_list":["post-943","page","type-page","status-publish","hentry"],"_links":{"self":[{"href":"https:\/\/energi-ca.it\/index.php?rest_route=\/wp\/v2\/pages\/943","targetHints":{"allow":["GET"]}}],"collection":[{"href":"https:\/\/energi-ca.it\/index.php?rest_route=\/wp\/v2\/pages"}],"about":[{"href":"https:\/\/energi-ca.it\/index.php?rest_route=\/wp\/v2\/types\/page"}],"author":[{"embeddable":true,"href":"https:\/\/energi-ca.it\/index.php?rest_route=\/wp\/v2\/users\/1"}],"replies":[{"embeddable":true,"href":"https:\/\/energi-ca.it\/index.php?rest_route=%2Fwp%2Fv2%2Fcomments&post=943"}],"version-history":[{"count":31,"href":"https:\/\/energi-ca.it\/index.php?rest_route=\/wp\/v2\/pages\/943\/revisions"}],"predecessor-version":[{"id":1260,"href":"https:\/\/energi-ca.it\/index.php?rest_route=\/wp\/v2\/pages\/943\/revisions\/1260"}],"up":[{"embeddable":true,"href":"https:\/\/energi-ca.it\/index.php?rest_route=\/wp\/v2\/pages\/768"}],"wp:attachment":[{"href":"https:\/\/energi-ca.it\/index.php?rest_route=%2Fwp%2Fv2%2Fmedia&parent=943"}],"curies":[{"name":"wp","href":"https:\/\/api.w.org\/{rel}","templated":true}]}}